{"id":2,"date":"2023-04-22T01:01:50","date_gmt":"2023-04-22T01:01:50","guid":{"rendered":"https:\/\/draw123.com\/elmo30\/?page_id=2"},"modified":"2023-05-19T04:39:11","modified_gmt":"2023-05-19T04:39:11","slug":"sample-page","status":"publish","type":"page","link":"https:\/\/draw123.com\/elmo30\/index.php\/sample-page\/","title":{"rendered":"CANCELLED"},"content":{"rendered":"\n<p>Sorry due to lack of interest we canceled event.  <\/p>\n\n\n<div class=\"qpp-style ElmoThirty\"><div id=\"rounded\"><form id=\"frmPaymentElmoThirty\" method=\"post\" action=\"\"><h2 id=\"qpp_reload\" class=\"qpp-header\">Payment Form<\/h2><p class=\"qpp-blurb\">Enter the payment details and submit<\/p><input type='hidden' name='sc[form]' value='ElmoThirty' \/><input type='hidden' name='sc[post]' value='2' \/><input type=\"hidden\" name=\"form_id\" value=\"ElmoThirty\" \/><input type=\"hidden\" name=\"currencybefore\" value=\"&#x24;\" \/><input type=\"hidden\" name=\"currencyafter\" value=\"\" \/><input type=\"hidden\" id=\"qpp_payment_nonce\" name=\"qpp_payment_nonce\" value=\"8f72866090\" \/><input type=\"hidden\" name=\"_wp_http_referer\" value=\"\/elmo30\/index.php\/wp-json\/wp\/v2\/pages\/2\" \/><input type=\"hidden\" id=\"qppquantityElmoThirty\" name=\"quantity\" value=\"1\"><input type=\"hidden\" name=\"couponapplied\" value=\"\" \/><p>Enter your details below<\/p><div class=\"qpp_nice_label qpp_label_blur\"><input type=\"text\" id=\"firstnameElmoThirty\" name=\"firstname\" class=\"required\" value=\"\" placeholder=\"First Name\" \/><\/div><div class=\"qpp_nice_label qpp_label_blur\"><input type=\"text\" id=\"lastnameElmoThirty\" name=\"lastname\" class=\"required\" value=\"\" placeholder=\"Last Name\" \/><\/div><div class=\"qpp_nice_label qpp_label_blur\"><input type=\"text\" id=\"emailElmoThirty\" name=\"email\" class=\"required\" value=\"\" placeholder=\"Your Email Address\" \/><\/div><div class=\"qpp_nice_label qpp_label_blur\"><input type=\"text\" id=\"address1ElmoThirty\" name=\"address1\" value=\"\" placeholder=\"Address Line 1\" \/><\/div><div class=\"qpp_nice_label qpp_label_blur\"><input type=\"text\" id=\"address2ElmoThirty\" name=\"address2\" value=\"\" placeholder=\"Address Line 2\" \/><\/div><div class=\"qpp_nice_label qpp_label_blur\"><input type=\"text\" id=\"cityElmoThirty\" name=\"city\" value=\"\" placeholder=\"City\" \/><\/div><div class=\"qpp_nice_label qpp_label_blur\"><input type=\"text\" id=\"stateElmoThirty\" name=\"state\" value=\"\" placeholder=\"State\" \/><\/div><div class=\"qpp_nice_label qpp_label_blur\"><input type=\"text\" id=\"zipElmoThirty\" name=\"zip\" value=\"\" placeholder=\"ZIP Code\" \/><\/div>\n<div class=\"qpp_nice_label qpp_label_blur\">\n\t\t\t\t\t\t\t<select name=\"country\">\n\t\t\t\t\t\t\t<option value=\"\" disabled selected>Country<\/option><option value=\"AL\">Albania<\/option><option value=\"DZ\">Algeria<\/option><option value=\"AD\">Andorra<\/option><option value=\"AO\">Angola<\/option><option value=\"AI\">Anguilla<\/option><option value=\"AG\">Antigua &amp; Barbuda<\/option><option value=\"AR\">Argentina<\/option><option value=\"AM\">Armenia<\/option><option value=\"AW\">Aruba<\/option><option value=\"AU\">Australia<\/option><option value=\"AT\">Austria<\/option><option value=\"AZ\">Azerbaijan<\/option><option value=\"BS\">Bahamas<\/option><option value=\"BH\">Bahrain<\/option><option value=\"BB\">Barbados<\/option><option value=\"BY\">Belarus<\/option><option value=\"BE\">Belgium<\/option><option value=\"BZ\">Belize<\/option><option value=\"BJ\">Benin<\/option><option value=\"BM\">Bermuda<\/option><option value=\"BT\">Bhutan<\/option><option value=\"BO\">Bolivia<\/option><option value=\"BA\">Bosnia &amp; Herzegovina<\/option><option value=\"BW\">Botswana<\/option><option value=\"BR\">Brazil<\/option><option value=\"VG\">British Virgin Islands<\/option><option value=\"BN\">Brunei<\/option><option value=\"BG\">Bulgaria<\/option><option value=\"BF\">Burkina Faso<\/option><option value=\"BI\">Burundi<\/option><option value=\"KH\">Cambodia<\/option><option value=\"CM\">Cameroon<\/option><option value=\"CA\">Canada<\/option><option value=\"CV\">Cape Verde<\/option><option value=\"KY\">Cayman Islands<\/option><option value=\"TD\">Chad<\/option><option value=\"CL\">Chile<\/option><option value=\"CN\">China<\/option><option value=\"C2\">China Worldwide<\/option><option value=\"CO\">Colombia<\/option><option value=\"KM\">Comoros<\/option><option value=\"CG\">Congo - Brazzaville<\/option><option value=\"CD\">Congo - Kinshasa<\/option><option value=\"CK\">Cook Islands<\/option><option value=\"CR\">Costa Rica<\/option><option value=\"CI\">C\u00f4te D\u2019Ivoire<\/option><option value=\"HR\">Croatia<\/option><option value=\"CY\">Cyprus<\/option><option value=\"CZ\">Czech Republic<\/option><option value=\"DK\">Denmark<\/option><option value=\"DJ\">Djibouti<\/option><option value=\"DM\">Dominica<\/option><option value=\"DO\">Dominican Republic<\/option><option value=\"EC\">Ecuador<\/option><option value=\"EG\">Egypt<\/option><option value=\"SV\">El Salvador<\/option><option value=\"ER\">Eritrea<\/option><option value=\"EE\">Estonia<\/option><option value=\"ET\">Ethiopia<\/option><option value=\"FK\">Falkland Islands<\/option><option value=\"FO\">Faroe Islands<\/option><option value=\"FJ\">Fiji<\/option><option value=\"FI\">Finland<\/option><option value=\"FR\">France<\/option><option value=\"GF\">French Guiana<\/option><option value=\"PF\">French Polynesia<\/option><option value=\"GA\">Gabon<\/option><option value=\"GM\">Gambia<\/option><option value=\"GE\">Georgia<\/option><option value=\"DE\">Germany<\/option><option value=\"GI\">Gibraltar<\/option><option value=\"GR\">Greece<\/option><option value=\"GL\">Greenland<\/option><option value=\"GD\">Grenada<\/option><option value=\"GP\">Guadeloupe<\/option><option value=\"GT\">Guatemala<\/option><option value=\"GN\">Guinea<\/option><option value=\"GW\">Guinea-Bissau<\/option><option value=\"GY\">Guyana<\/option><option value=\"HN\">Honduras<\/option><option value=\"HK\">Hong Kong Sar China<\/option><option value=\"HU\">Hungary<\/option><option value=\"IS\">Iceland<\/option><option value=\"IN\">India<\/option><option value=\"ID\">Indonesia<\/option><option value=\"IE\">Ireland<\/option><option value=\"IL\">Israel<\/option><option value=\"IT\">Italy<\/option><option value=\"JM\">Jamaica<\/option><option value=\"JP\">Japan<\/option><option value=\"JO\">Jordan<\/option><option value=\"KZ\">Kazakhstan<\/option><option value=\"KE\">Kenya<\/option><option value=\"KI\">Kiribati<\/option><option value=\"KW\">Kuwait<\/option><option value=\"KG\">Kyrgyzstan<\/option><option value=\"LA\">Laos<\/option><option value=\"LV\">Latvia<\/option><option value=\"LS\">Lesotho<\/option><option value=\"LI\">Liechtenstein<\/option><option value=\"LT\">Lithuania<\/option><option value=\"LU\">Luxembourg<\/option><option value=\"MK\">Macedonia<\/option><option value=\"MG\">Madagascar<\/option><option value=\"MW\">Malawi<\/option><option value=\"MY\">Malaysia<\/option><option value=\"MV\">Maldives<\/option><option value=\"ML\">Mali<\/option><option value=\"MT\">Malta<\/option><option value=\"MH\">Marshall Islands<\/option><option value=\"MQ\">Martinique<\/option><option value=\"MR\">Mauritania<\/option><option value=\"MU\">Mauritius<\/option><option value=\"YT\">Mayotte<\/option><option value=\"MX\">Mexico<\/option><option value=\"FM\">Micronesia<\/option><option value=\"MD\">Moldova<\/option><option value=\"MC\">Monaco<\/option><option value=\"MN\">Mongolia<\/option><option value=\"ME\">Montenegro<\/option><option value=\"MS\">Montserrat<\/option><option value=\"MA\">Morocco<\/option><option value=\"MZ\">Mozambique<\/option><option value=\"NA\">Namibia<\/option><option value=\"NR\">Nauru<\/option><option value=\"NP\">Nepal<\/option><option value=\"NL\">Netherlands<\/option><option value=\"NC\">New Caledonia<\/option><option value=\"NZ\">New Zealand<\/option><option value=\"NI\">Nicaragua<\/option><option value=\"NE\">Niger<\/option><option value=\"NG\">Nigeria<\/option><option value=\"NU\">Niue<\/option><option value=\"NF\">Norfolk Island<\/option><option value=\"NO\">Norway<\/option><option value=\"OM\">Oman<\/option><option value=\"PW\">Palau<\/option><option value=\"PA\">Panama<\/option><option value=\"PG\">Papua New Guinea<\/option><option value=\"PY\">Paraguay<\/option><option value=\"PE\">Peru<\/option><option value=\"PH\">Philippines<\/option><option value=\"PN\">Pitcairn Islands<\/option><option value=\"PL\">Poland<\/option><option value=\"PT\">Portugal<\/option><option value=\"QA\">Qatar<\/option><option value=\"RE\">R\u00e9union<\/option><option value=\"RO\">Romania<\/option><option value=\"RU\">Russia<\/option><option value=\"RW\">Rwanda<\/option><option value=\"WS\">Samoa<\/option><option value=\"SM\">San Marino<\/option><option value=\"ST\">S\u00e3o Tom\u00e9 &amp; Pr\u00edncipe<\/option><option value=\"SA\">Saudi Arabia<\/option><option value=\"SN\">Senegal<\/option><option value=\"RS\">Serbia<\/option><option value=\"SC\">Seychelles<\/option><option value=\"SL\">Sierra Leone<\/option><option value=\"SG\">Singapore<\/option><option value=\"SK\">Slovakia<\/option><option value=\"SI\">Slovenia<\/option><option value=\"SB\">Solomon Islands<\/option><option value=\"SO\">Somalia<\/option><option value=\"ZA\">South Africa<\/option><option value=\"KR\">South Korea<\/option><option value=\"ES\">Spain<\/option><option value=\"LK\">Sri Lanka<\/option><option value=\"SH\">St. Helena<\/option><option value=\"KN\">St. Kitts &amp; Nevis<\/option><option value=\"LC\">St. Lucia<\/option><option value=\"PM\">St. Pierre &amp; Miquelon<\/option><option value=\"VC\">St. Vincent &amp; Grenadines<\/option><option value=\"SR\">Suriname<\/option><option value=\"SJ\">Svalbard &amp; Jan Mayen<\/option><option value=\"SZ\">Swaziland<\/option><option value=\"SE\">Sweden<\/option><option value=\"CH\">Switzerland<\/option><option value=\"TW\">Taiwan<\/option><option value=\"TJ\">Tajikistan<\/option><option value=\"TZ\">Tanzania<\/option><option value=\"TH\">Thailand<\/option><option value=\"TG\">Togo<\/option><option value=\"TO\">Tonga<\/option><option value=\"TT\">Trinidad &amp; Tobago<\/option><option value=\"TN\">Tunisia<\/option><option value=\"TM\">Turkmenistan<\/option><option value=\"TC\">Turks &amp; Caicos Islands<\/option><option value=\"TV\">Tuvalu<\/option><option value=\"UG\">Uganda<\/option><option value=\"UA\">Ukraine<\/option><option value=\"AE\">United Arab Emirates<\/option><option value=\"GB\">United Kingdom<\/option><option value=\"US\">United States<\/option><option value=\"UY\">Uruguay<\/option><option value=\"VU\">Vanuatu<\/option><option value=\"VA\">Vatican City<\/option><option value=\"VE\">Venezuela<\/option><option value=\"VN\">Vietnam<\/option><option value=\"WF\">Wallis &amp; Futuna<\/option><option value=\"YE\">Yemen<\/option><option value=\"ZM\">Zambia<\/option><option value=\"ZW\">Zimbabwe<\/option>\n\t\t\t\t\t\t\t\n    <\/select>\n    <\/div><div class=\"qpp_nice_label qpp_label_blur\"><input type=\"text\" id=\"night_phone_bElmoThirty\" name=\"night_phone_b\" class=\"required\" value=\"\" placeholder=\"Phone Number\" \/><\/div><input type=\"hidden\" id=\"qpptotal\" name=\"total\" \/><div style=\"clear:both\"><span class=\"qpp-p-style\" style=\"float:left;padding:7px 0\">VIP Reunion Table  at $1000 each<\/span><span style=\"float:right\"><input type=\"text\" style=\"width:4em;text-align:right\" name=\"qtyproduct1\" id=\"qtyproduct1\" placeholder=\"0\" \/><\/span><\/div><input type=\"hidden\" name=\"product1\" value=\"1000\" \/><div style=\"clear:both\"><span class=\"qpp-p-style\" style=\"float:left;padding:7px 0\">Early Bird Registration  at $150 each<\/span><span style=\"float:right\"><input type=\"text\" style=\"width:4em;text-align:right\" name=\"qtyproduct2\" id=\"qtyproduct2\" placeholder=\"0\" \/><\/span><\/div><input type=\"hidden\" name=\"product2\" value=\"150\" \/><div style=\"clear:both\"><span class=\"qpp-p-style\" style=\"float:left;padding:7px 0\">Regular Registration  at $175 each<\/span><span style=\"float:right\"><input type=\"text\" style=\"width:4em;text-align:right\" name=\"qtyproduct3\" id=\"qtyproduct3\" placeholder=\"0\" \/><\/span><\/div><input type=\"hidden\" name=\"product3\" value=\"175\" \/><div style=\"clear:both\"><\/div><input type=\"hidden\" name=\"multiples\" value=\"1\" \/><p class=\"submit pay-button\"><input type=\"submit\" value=\"Make Payment\" id=\"submit\" name=\"qppsubmitElmoThirty\" \/><\/p><div id=\"qppchecking\">Validating payment information...<\/div><\/form>\r\t<div class='qpp-loading'>Waiting for PayPal...<\/div><div class='qpp-validating-form'>Validating payment information...<\/div><div class='qpp-processing-form'>Waiting for PayPal...<\/div><div style=\"clear:both\"><\/div><\/div><\/div>\r\t\n\n\n\n<p><\/p>\n","protected":false},"excerpt":{"rendered":"<p> [&hellip;]<\/p>\n","protected":false},"author":1,"featured_media":0,"parent":0,"menu_order":0,"comment_status":"closed","ping_status":"closed","template":"","meta":{"footnotes":""},"class_list":["post-2","page","type-page","status-publish","hentry"],"yoast_head":"<!-- This site is optimized with the Yoast SEO plugin v20.7 - https:\/\/yoast.com\/wordpress\/plugins\/seo\/ -->\n<title>CANCELLED - El Modena Class of 93 30th Reunion<\/title>\n<meta name=\"robots\" content=\"index, follow, max-snippet:-1, max-image-preview:large, max-video-preview:-1\" \/>\n<link rel=\"canonical\" href=\"https:\/\/draw123.com\/elmo30\/index.php\/sample-page\/\" \/>\n<meta property=\"og:locale\" content=\"en_US\" \/>\n<meta property=\"og:type\" content=\"article\" \/>\n<meta property=\"og:title\" content=\"CANCELLED - El Modena Class of 93 30th Reunion\" \/>\n<meta property=\"og:description\" content=\"[&hellip;]\" \/>\n<meta property=\"og:url\" content=\"https:\/\/draw123.com\/elmo30\/index.php\/sample-page\/\" \/>\n<meta property=\"og:site_name\" content=\"El Modena Class of 93 30th Reunion\" \/>\n<meta property=\"article:publisher\" content=\"https:\/\/www.facebook.com\/groups\/46160804335\" \/>\n<meta property=\"article:modified_time\" content=\"2023-05-19T04:39:11+00:00\" \/>\n<meta name=\"twitter:card\" content=\"summary_large_image\" \/>\n<meta name=\"twitter:label1\" content=\"Est. reading time\" \/>\n\t<meta name=\"twitter:data1\" content=\"1 minute\" \/>\n<script type=\"application\/ld+json\" class=\"yoast-schema-graph\">{\"@context\":\"https:\/\/schema.org\",\"@graph\":[{\"@type\":\"WebPage\",\"@id\":\"https:\/\/draw123.com\/elmo30\/index.php\/sample-page\/\",\"url\":\"https:\/\/draw123.com\/elmo30\/index.php\/sample-page\/\",\"name\":\"CANCELLED - El Modena Class of 93 30th Reunion\",\"isPartOf\":{\"@id\":\"https:\/\/draw123.com\/elmo30\/#website\"},\"datePublished\":\"2023-04-22T01:01:50+00:00\",\"dateModified\":\"2023-05-19T04:39:11+00:00\",\"breadcrumb\":{\"@id\":\"https:\/\/draw123.com\/elmo30\/index.php\/sample-page\/#breadcrumb\"},\"inLanguage\":\"en-US\",\"potentialAction\":[{\"@type\":\"ReadAction\",\"target\":[\"https:\/\/draw123.com\/elmo30\/index.php\/sample-page\/\"]}]},{\"@type\":\"BreadcrumbList\",\"@id\":\"https:\/\/draw123.com\/elmo30\/index.php\/sample-page\/#breadcrumb\",\"itemListElement\":[{\"@type\":\"ListItem\",\"position\":1,\"name\":\"Home\",\"item\":\"https:\/\/draw123.com\/elmo30\/\"},{\"@type\":\"ListItem\",\"position\":2,\"name\":\"CANCELLED\"}]},{\"@type\":\"WebSite\",\"@id\":\"https:\/\/draw123.com\/elmo30\/#website\",\"url\":\"https:\/\/draw123.com\/elmo30\/\",\"name\":\"El Modena Class of 93 30th Reunion\",\"description\":\"August 5th\",\"publisher\":{\"@id\":\"https:\/\/draw123.com\/elmo30\/#organization\"},\"potentialAction\":[{\"@type\":\"SearchAction\",\"target\":{\"@type\":\"EntryPoint\",\"urlTemplate\":\"https:\/\/draw123.com\/elmo30\/?s={search_term_string}\"},\"query-input\":\"required name=search_term_string\"}],\"inLanguage\":\"en-US\"},{\"@type\":\"Organization\",\"@id\":\"https:\/\/draw123.com\/elmo30\/#organization\",\"name\":\"El Modena Class of 93 30th Reunion\",\"url\":\"https:\/\/draw123.com\/elmo30\/\",\"logo\":{\"@type\":\"ImageObject\",\"inLanguage\":\"en-US\",\"@id\":\"https:\/\/draw123.com\/elmo30\/#\/schema\/logo\/image\/\",\"url\":\"https:\/\/i0.wp.com\/draw123.com\/elmo30\/wp-content\/uploads\/2023\/04\/240X240_logo.png?fit=240%2C240&ssl=1\",\"contentUrl\":\"https:\/\/i0.wp.com\/draw123.com\/elmo30\/wp-content\/uploads\/2023\/04\/240X240_logo.png?fit=240%2C240&ssl=1\",\"width\":240,\"height\":240,\"caption\":\"El Modena Class of 93 30th Reunion\"},\"image\":{\"@id\":\"https:\/\/draw123.com\/elmo30\/#\/schema\/logo\/image\/\"},\"sameAs\":[\"https:\/\/www.facebook.com\/groups\/46160804335\"]}]}<\/script>\n<!-- \/ Yoast SEO plugin. -->","yoast_head_json":{"title":"CANCELLED - El Modena Class of 93 30th Reunion","robots":{"index":"index","follow":"follow","max-snippet":"max-snippet:-1","max-image-preview":"max-image-preview:large","max-video-preview":"max-video-preview:-1"},"canonical":"https:\/\/draw123.com\/elmo30\/index.php\/sample-page\/","og_locale":"en_US","og_type":"article","og_title":"CANCELLED - El Modena Class of 93 30th Reunion","og_description":"[&hellip;]","og_url":"https:\/\/draw123.com\/elmo30\/index.php\/sample-page\/","og_site_name":"El Modena Class of 93 30th Reunion","article_publisher":"https:\/\/www.facebook.com\/groups\/46160804335","article_modified_time":"2023-05-19T04:39:11+00:00","twitter_card":"summary_large_image","twitter_misc":{"Est. reading time":"1 minute"},"schema":{"@context":"https:\/\/schema.org","@graph":[{"@type":"WebPage","@id":"https:\/\/draw123.com\/elmo30\/index.php\/sample-page\/","url":"https:\/\/draw123.com\/elmo30\/index.php\/sample-page\/","name":"CANCELLED - El Modena Class of 93 30th Reunion","isPartOf":{"@id":"https:\/\/draw123.com\/elmo30\/#website"},"datePublished":"2023-04-22T01:01:50+00:00","dateModified":"2023-05-19T04:39:11+00:00","breadcrumb":{"@id":"https:\/\/draw123.com\/elmo30\/index.php\/sample-page\/#breadcrumb"},"inLanguage":"en-US","potentialAction":[{"@type":"ReadAction","target":["https:\/\/draw123.com\/elmo30\/index.php\/sample-page\/"]}]},{"@type":"BreadcrumbList","@id":"https:\/\/draw123.com\/elmo30\/index.php\/sample-page\/#breadcrumb","itemListElement":[{"@type":"ListItem","position":1,"name":"Home","item":"https:\/\/draw123.com\/elmo30\/"},{"@type":"ListItem","position":2,"name":"CANCELLED"}]},{"@type":"WebSite","@id":"https:\/\/draw123.com\/elmo30\/#website","url":"https:\/\/draw123.com\/elmo30\/","name":"El Modena Class of 93 30th Reunion","description":"August 5th","publisher":{"@id":"https:\/\/draw123.com\/elmo30\/#organization"},"potentialAction":[{"@type":"SearchAction","target":{"@type":"EntryPoint","urlTemplate":"https:\/\/draw123.com\/elmo30\/?s={search_term_string}"},"query-input":"required name=search_term_string"}],"inLanguage":"en-US"},{"@type":"Organization","@id":"https:\/\/draw123.com\/elmo30\/#organization","name":"El Modena Class of 93 30th Reunion","url":"https:\/\/draw123.com\/elmo30\/","logo":{"@type":"ImageObject","inLanguage":"en-US","@id":"https:\/\/draw123.com\/elmo30\/#\/schema\/logo\/image\/","url":"https:\/\/i0.wp.com\/draw123.com\/elmo30\/wp-content\/uploads\/2023\/04\/240X240_logo.png?fit=240%2C240&ssl=1","contentUrl":"https:\/\/i0.wp.com\/draw123.com\/elmo30\/wp-content\/uploads\/2023\/04\/240X240_logo.png?fit=240%2C240&ssl=1","width":240,"height":240,"caption":"El Modena Class of 93 30th Reunion"},"image":{"@id":"https:\/\/draw123.com\/elmo30\/#\/schema\/logo\/image\/"},"sameAs":["https:\/\/www.facebook.com\/groups\/46160804335"]}]}},"jetpack_sharing_enabled":true,"_links":{"self":[{"href":"https:\/\/draw123.com\/elmo30\/index.php\/wp-json\/wp\/v2\/pages\/2","targetHints":{"allow":["GET"]}}],"collection":[{"href":"https:\/\/draw123.com\/elmo30\/index.php\/wp-json\/wp\/v2\/pages"}],"about":[{"href":"https:\/\/draw123.com\/elmo30\/index.php\/wp-json\/wp\/v2\/types\/page"}],"author":[{"embeddable":true,"href":"https:\/\/draw123.com\/elmo30\/index.php\/wp-json\/wp\/v2\/users\/1"}],"replies":[{"embeddable":true,"href":"https:\/\/draw123.com\/elmo30\/index.php\/wp-json\/wp\/v2\/comments?post=2"}],"version-history":[{"count":5,"href":"https:\/\/draw123.com\/elmo30\/index.php\/wp-json\/wp\/v2\/pages\/2\/revisions"}],"predecessor-version":[{"id":57,"href":"https:\/\/draw123.com\/elmo30\/index.php\/wp-json\/wp\/v2\/pages\/2\/revisions\/57"}],"wp:attachment":[{"href":"https:\/\/draw123.com\/elmo30\/index.php\/wp-json\/wp\/v2\/media?parent=2"}],"curies":[{"name":"wp","href":"https:\/\/api.w.org\/{rel}","templated":true}]}}